{"id":3640,"date":"2026-04-15T07:32:11","date_gmt":"2026-04-15T07:32:11","guid":{"rendered":"https:\/\/lesdentellesducoeur.fr\/?page_id=3640"},"modified":"2026-04-15T08:35:26","modified_gmt":"2026-04-15T08:35:26","slug":"faq","status":"publish","type":"page","link":"https:\/\/lesdentellesducoeur.fr\/index.php\/faq\/","title":{"rendered":"FAQ"},"content":{"rendered":"\n<p><strong>1) Qui peut b\u00e9n\u00e9ficier de s\u00e9ances en th\u00e9rapie Gestalt ?<\/strong><\/p>\n\n\n\n<p>Les s\u00e9ances s\u2019adressent \u00e0 <strong>toute personne adulte<\/strong> souhaitant mieux se comprendre, traverser une p\u00e9riode de vie difficile ou engager un travail de d\u00e9veloppement personnel.<\/p>\n\n\n\n<p>Cela peut concerner des personnes vivant :<\/p>\n\n\n\n<ul class=\"wp-block-list\">\n<li>un mal-\u00eatre ou une perte de sens<\/li>\n\n\n\n<li>des difficult\u00e9s relationnelles<\/li>\n\n\n\n<li>une p\u00e9riode de transition (s\u00e9paration, changement de vie, deuil, reconversion\u2026)<\/li>\n\n\n\n<li>un besoin de mieux se conna\u00eetre<\/li>\n\n\n\n<li>ou simplement l\u2019envie d\u2019avancer dans un travail personnel<\/li>\n<\/ul>\n\n\n\n<hr class=\"wp-block-separator has-alpha-channel-opacity\"\/>\n\n\n\n<p><strong>2) Quels sont les motifs pour lesquels je peux prendre rendez-vous ?<\/strong><\/p>\n\n\n\n<p>Vous pouvez consulter notamment pour :<\/p>\n\n\n\n<ul class=\"wp-block-list\">\n<li>stress, anxi\u00e9t\u00e9, surcharge \u00e9motionnelle<\/li>\n\n\n\n<li>difficult\u00e9s relationnelles (couple, famille, travail)<\/li>\n\n\n\n<li>manque de confiance en soi \/ estime de soi<\/li>\n\n\n\n<li>blocages personnels ou r\u00e9p\u00e9titions de sch\u00e9mas<\/li>\n\n\n\n<li>p\u00e9riode de changement ou de crise de vie<\/li>\n\n\n\n<li>besoin de clart\u00e9 int\u00e9rieure ou de recentrage<\/li>\n<\/ul>\n\n\n\n<hr class=\"wp-block-separator has-alpha-channel-opacity\"\/>\n\n\n\n<p><strong>3) Combien de temps dure une s\u00e9ance de th\u00e9rapie Gestalt ?<\/strong><\/p>\n\n\n\n<p>La<strong> premi\u00e8re s\u00e9ance <\/strong>dure entre<strong> 45 minutes <\/strong>et<strong> 60 minutes.<\/strong><\/p>\n\n\n\n<p>Les <strong>s\u00e9ances suivantes <\/strong>durent en moyenne <strong>45 minutes.<\/strong><\/p>\n\n\n\n<hr class=\"wp-block-separator has-alpha-channel-opacity\"\/>\n\n\n\n<p><strong>4) Comment se d\u00e9roule une s\u00e9ance de th\u00e9rapie Gestalt ?<\/strong><\/p>\n\n\n\n<p>Une s\u00e9ance est un <strong>espace d\u2019\u00e9change, d\u2019\u00e9coute et d\u2019exploration<\/strong>.<\/p>\n\n\n\n<p>Vous \u00eates invit\u00e9 \u00e0 parler de ce que vous vivez dans l\u2019instant pr\u00e9sent. Le travail se fait \u00e0 partir de :<\/p>\n\n\n\n<ul class=\"wp-block-list\">\n<li>vos ressentis<\/li>\n\n\n\n<li>vos \u00e9motions<\/li>\n\n\n\n<li>vos situations actuelles<\/li>\n\n\n\n<li>et votre mani\u00e8re d\u2019\u00eatre en relation avec vous-m\u00eame et les autres<\/li>\n<\/ul>\n\n\n\n<p>Le Gestalt-praticien vous accompagne avec une posture de pr\u00e9sence, d\u2019\u00e9coute et de non-jugement, en vous aidant \u00e0 prendre conscience de ce qui se joue pour vous \u00ab ici et maintenant \u00bb.<\/p>\n\n\n\n<hr class=\"wp-block-separator has-alpha-channel-opacity\"\/>\n\n\n\n<p><strong>5) Combien de s\u00e9ances sont n\u00e9cessaires en th\u00e9rapie Gestalt ?<\/strong><\/p>\n\n\n\n<p>Il n\u2019y a pas de dur\u00e9e fixe.<\/p>\n\n\n\n<p>Le rythme et la dur\u00e9e d\u00e9pendent de votre objectif et de votre cheminement.<\/p>\n\n\n\n<p>L\u2019accompagnement s\u2019inscrit dans un travail qui demande un engagement.<\/p>\n\n\n\n<hr class=\"wp-block-separator has-alpha-channel-opacity\"\/>\n\n\n\n<p><strong>6) O\u00f9 proposez-vous des s\u00e9ances en th\u00e9rapie Gestalt ?<\/strong><\/p>\n\n\n\n<p>Les s\u00e9ances sont propos\u00e9es :<\/p>\n\n\n\n<ul class=\"wp-block-list\">\n<li>en pr\u00e9sentiel \u00e0 <strong>Camaret su Aigues (Vaucluse) les lundis<\/strong><\/li>\n\n\n\n<li>et \u00e0 distance en visio <strong>du lundi au vendredi<\/strong><\/li>\n<\/ul>\n\n\n\n<hr class=\"wp-block-separator has-alpha-channel-opacity\"\/>\n\n\n\n<p><strong>7) Comment prendre rendez-vous pour une s\u00e9ance ?<\/strong><\/p>\n\n\n\n<p>Vous pouvez prendre rendez-vous :<\/p>\n\n\n\n<ul class=\"wp-block-list\">\n<li>par t\u00e9l\u00e9phone : <strong>06 76 18 54 49<\/strong><\/li>\n\n\n\n<li>par e-mail : <strong>lesdentellesducoeur@gmail.com<\/strong><\/li>\n\n\n\n<li>par le biais du formulaire de contact de mon site internet\u00a0: <strong>https\/\/lesdentellesducoeur.fr\/index.php\/me-contacter\/<\/strong><\/li>\n\n\n\n<li><a href=\"https:\/\/lesdentellesducoeur.fr\/index.php\/me-contacter\/\"><\/a><\/li>\n\n\n\n<li><\/li>\n<\/ul>\n\n\n\n<p><strong>8) Combien co\u00fbte une s\u00e9ance de th\u00e9rapie Gestalt ?<\/strong><\/p>\n\n\n\n<p>Chaque s\u00e9ance est au tarif de 80 \u20ac.<\/p>\n\n\n\n<hr class=\"wp-block-separator has-alpha-channel-opacity\"\/>\n\n\n\n<p><strong>9) Est-ce que les s\u00e9ances sont rembours\u00e9es par la S\u00e9curit\u00e9 Sociale ?<\/strong><\/p>\n\n\n\n<p>Les s\u00e9ances de Gestalt ne sont pas rembours\u00e9es par la S\u00e9curit\u00e9 Sociale.<br>Certaines mutuelles peuvent toutefois proposer un remboursement selon les contrats.<\/p>\n\n\n\n<hr class=\"wp-block-separator has-alpha-channel-opacity\"\/>\n\n\n\n<p><strong>10) Comment effectuer le paiement de ma s\u00e9ance ?<\/strong><\/p>\n\n\n\n<p>Le r\u00e8glement s\u2019effectue directement par virement bancaire.<\/p>\n\n\n\n<hr class=\"wp-block-separator has-alpha-channel-opacity\"\/>\n\n\n\n<p><strong>11) Quels sont les horaires ?<\/strong><\/p>\n\n\n\n<p>Les s\u00e9ances sont propos\u00e9es sur rendez-vous, sur les plages horaires suivantes&nbsp;:<\/p>\n\n\n\n<ul class=\"wp-block-list\">\n<li>Lundi\u00a0: 8h00-20h00 (En pr\u00e9sentiel \/ En visio)<\/li>\n\n\n\n<li>Mardi\/Mercredi\/Jeudi\/Vendredi\u00a0: 9h00-18h00 (En visio uniquement)<\/li>\n<\/ul>\n\n\n\n<hr class=\"wp-block-separator has-alpha-channel-opacity\"\/>\n\n\n\n<p><strong>12) O\u00f9 est situ\u00e9 le cabinet en pr\u00e9sentiel ?<\/strong><\/p>\n\n\n\n<p>Le cabinet est situ\u00e9 en plein c\u0153ur du village de Camaret-sur-Aygues, sur le tour de ville, \u00e0 <strong>L\u2019Espace du Cours (20 cours du Nord)<\/strong> ; entre la boutique de l&#8217;opticien &#8220;Camaret Optique&#8221; et le salon de coiffure &#8220;Carpe Diem&#8221;.<\/p>\n\n\n\n<hr class=\"wp-block-separator has-alpha-channel-opacity\"\/>\n\n\n\n<p><strong>13) Est-il facile de se garer \u00e0 proximit\u00e9 du cabinet ?<\/strong><\/p>\n\n\n\n<p>L&#8217;utilisation des places &#8220;bleues&#8221; du tour de ville n\u00e9cessite l\u2019apposition d\u2019un disque et le stationnement est limit\u00e9 dans le temps.<\/p>\n\n\n\n<p>D\u2019autres places de stationnement gratuit sans limitation de dur\u00e9e sont disponibles :<\/p>\n\n\n\n<ul class=\"wp-block-list\">\n<li>Sous les platanes, Cours du Levant<\/li>\n<\/ul>\n\n\n\n<ul class=\"wp-block-list\">\n<li>Derri\u00e8re la Maison B\u00e8que, avenue Jean Henri Fabre<\/li>\n\n\n\n<li>Au parking Clavonne, derri\u00e8re l\u2019impasse du m\u00eame nom (\u00e0 100 m\u00e8tres du cabinet)<\/li>\n<\/ul>\n\n\n\n<p>D\u2019autres parkings sont \u00e9galement accessibles dans le village..<\/p>\n\n\n\n<hr class=\"wp-block-separator has-alpha-channel-opacity\"\/>\n\n\n\n<p><strong>14) Est-ce que les s\u00e9ances peuvent \u00eatre \u00e0 distance ?<\/strong><\/p>\n\n\n\n<p>Oui.<\/p>\n\n\n\n<p>Les s\u00e9ances peuvent \u00eatre r\u00e9alis\u00e9es en <strong>visio<\/strong>, ce qui permet un accompagnement :<\/p>\n\n\n\n<ul class=\"wp-block-list\">\n<li>depuis chez vous<\/li>\n\n\n\n<li>sans contrainte de d\u00e9placement<\/li>\n\n\n\n<li>avec la m\u00eame qualit\u00e9 d\u2019\u00e9coute et de pr\u00e9sence<\/li>\n<\/ul>\n\n\n\n<hr class=\"wp-block-separator has-alpha-channel-opacity\"\/>\n\n\n\n<p><strong>15) Dois-je avoir un probl\u00e8me particulier pour consulter ?<\/strong><\/p>\n\n\n\n<p>Vous pouvez venir :<\/p>\n\n\n\n<ul class=\"wp-block-list\">\n<li>avec une difficult\u00e9 pr\u00e9cise<\/li>\n\n\n\n<li>ou simplement un besoin de mieux vous conna\u00eetre ou de faire le point sur votre vie<\/li>\n<\/ul>\n\n\n\n<hr class=\"wp-block-separator has-alpha-channel-opacity\"\/>\n\n\n\n<p><strong>16) Est-ce une th\u00e9rapie m\u00e9dicale ?<\/strong><\/p>\n\n\n\n<p>La Gestalt-pratique est un accompagnement au d\u00e9veloppement personnel et au bien-\u00eatre.<\/p>\n\n\n\n<p>Elle ne remplace en aucun cas un suivi m\u00e9dical, psychologique ou psychiatrique.<br>Aucun diagnostic ni traitement m\u00e9dical n\u2019est r\u00e9alis\u00e9.<\/p>\n\n\n\n<hr class=\"wp-block-separator has-alpha-channel-opacity\"\/>\n\n\n\n<p><strong>17) Les \u00e9changes sont-ils confidentiels ?<\/strong><\/p>\n\n\n\n<p>Oui.<\/p>\n\n\n\n<p>Tout ce qui est partag\u00e9 en s\u00e9ance est strictement confidentiel, dans le respect du cadre professionnel et du secret de l\u2019accompagnement.<\/p>\n\n\n\n<hr class=\"wp-block-separator has-alpha-channel-opacity\"\/>\n\n\n\n<p><strong>18) Puis-je annuler ou d\u00e9placer une s\u00e9ance ?<\/strong><\/p>\n\n\n\n<p>Oui.<\/p>\n\n\n\n<p>Il est simplement demand\u00e9 de pr\u00e9venir au moins <strong>24 \u00e0 48 heures \u00e0 l\u2019avance<\/strong> afin de permettre la r\u00e9organisation du planning.<\/p>\n","protected":false},"excerpt":{"rendered":"<p>1) Qui peut b\u00e9n\u00e9ficier de s\u00e9ances en th\u00e9rapie Gestalt ? Les s\u00e9ances s\u2019adressent \u00e0 toute personne adulte souhaitant mieux se comprendre, traverser une p\u00e9riode de vie difficile ou engager un travail de d\u00e9veloppement personnel. Cela peut concerner des personnes vivant : 2) Quels sont les motifs pour lesquels je peux prendre rendez-vous ? Vous pouvez [&hellip;]<\/p>\n","protected":false},"author":1,"featured_media":0,"parent":0,"menu_order":0,"comment_status":"closed","ping_status":"closed","template":"","meta":{"_acf_changed":false,"footnotes":""},"class_list":["post-3640","page","type-page","status-publish","hentry"],"acf":[],"_links":{"self":[{"href":"https:\/\/lesdentellesducoeur.fr\/index.php\/wp-json\/wp\/v2\/pages\/3640","targetHints":{"allow":["GET"]}}],"collection":[{"href":"https:\/\/lesdentellesducoeur.fr\/index.php\/wp-json\/wp\/v2\/pages"}],"about":[{"href":"https:\/\/lesdentellesducoeur.fr\/index.php\/wp-json\/wp\/v2\/types\/page"}],"author":[{"embeddable":true,"href":"https:\/\/lesdentellesducoeur.fr\/index.php\/wp-json\/wp\/v2\/users\/1"}],"replies":[{"embeddable":true,"href":"https:\/\/lesdentellesducoeur.fr\/index.php\/wp-json\/wp\/v2\/comments?post=3640"}],"version-history":[{"count":3,"href":"https:\/\/lesdentellesducoeur.fr\/index.php\/wp-json\/wp\/v2\/pages\/3640\/revisions"}],"predecessor-version":[{"id":3679,"href":"https:\/\/lesdentellesducoeur.fr\/index.php\/wp-json\/wp\/v2\/pages\/3640\/revisions\/3679"}],"wp:attachment":[{"href":"https:\/\/lesdentellesducoeur.fr\/index.php\/wp-json\/wp\/v2\/media?parent=3640"}],"curies":[{"name":"wp","href":"https:\/\/api.w.org\/{rel}","templated":true}]}}