{"id":712,"date":"2020-11-25T06:11:27","date_gmt":"2020-11-25T06:11:27","guid":{"rendered":"http:\/\/www.slashcreative.co\/dmip\/psychare\/?page_id=712"},"modified":"2026-04-15T18:01:14","modified_gmt":"2026-04-15T18:01:14","slug":"pricing","status":"publish","type":"page","link":"https:\/\/lesdentellesducoeur.fr\/index.php\/pricing\/","title":{"rendered":"Cadre th\u00e9rapeutique"},"content":{"rendered":"\t\t<div data-elementor-type=\"wp-page\" data-elementor-id=\"712\" class=\"elementor elementor-712\">\n\t\t\t\t<div class=\"elementor-element elementor-element-5bf714ff e-flex e-con-boxed e-con e-parent\" data-id=\"5bf714ff\" data-element_type=\"container\" data-e-type=\"container\" data-settings=\"{&quot;background_background&quot;:&quot;classic&quot;}\">\n\t\t\t\t\t<div class=\"e-con-inner\">\n\t\t<div class=\"elementor-element elementor-element-7ba52f0e e-flex e-con-boxed e-con e-child\" data-id=\"7ba52f0e\" data-element_type=\"container\" data-e-type=\"container\">\n\t\t\t\t\t<div class=\"e-con-inner\">\n\t\t<div class=\"elementor-element elementor-element-fb611f2 e-con-full e-flex e-con e-child\" data-id=\"fb611f2\" data-element_type=\"container\" data-e-type=\"container\">\n\t\t\t\t<div class=\"elementor-element elementor-element-a0658f7 elementor-invisible elementor-widget elementor-widget-image\" data-id=\"a0658f7\" data-element_type=\"widget\" data-e-type=\"widget\" data-settings=\"{&quot;_animation&quot;:&quot;zoomIn&quot;}\" data-widget_type=\"image.default\">\n\t\t\t\t\t\t\t\t\t\t\t\t\t\t\t<img fetchpriority=\"high\" decoding=\"async\" width=\"1024\" height=\"1536\" src=\"https:\/\/lesdentellesducoeur.fr\/wp-content\/uploads\/2026\/04\/Portrait-dun-therapeute-detendu.png\" class=\"attachment-full size-full wp-image-3434\" alt=\"\" srcset=\"https:\/\/lesdentellesducoeur.fr\/wp-content\/uploads\/2026\/04\/Portrait-dun-therapeute-detendu.png 1024w, https:\/\/lesdentellesducoeur.fr\/wp-content\/uploads\/2026\/04\/Portrait-dun-therapeute-detendu-200x300.png 200w, https:\/\/lesdentellesducoeur.fr\/wp-content\/uploads\/2026\/04\/Portrait-dun-therapeute-detendu-683x1024.png 683w, https:\/\/lesdentellesducoeur.fr\/wp-content\/uploads\/2026\/04\/Portrait-dun-therapeute-detendu-768x1152.png 768w\" sizes=\"(max-width: 1024px) 100vw, 1024px\" \/>\t\t\t\t\t\t\t\t\t\t\t\t\t\t\t<\/div>\n\t\t\t\t<\/div>\n\t\t<div class=\"elementor-element elementor-element-18b7159 e-con-full e-flex e-con e-child\" data-id=\"18b7159\" data-element_type=\"container\" data-e-type=\"container\">\n\t\t\t\t<div class=\"elementor-element elementor-element-160036d6 elementor-widget elementor-widget-sc-sub-heading\" data-id=\"160036d6\" data-element_type=\"widget\" data-e-type=\"widget\" data-widget_type=\"sc-sub-heading.default\">\n\t\t\t\t<div class=\"elementor-widget-container\">\n\t\t\t\t\t<div class=\"sub-heading-wrapper\"><span class=\"sub-heading single\">Cadre relationnel<\/span><\/div>\t\t\t\t<\/div>\n\t\t\t\t<\/div>\n\t\t\t\t<div class=\"elementor-element elementor-element-e84b78c elementor-widget elementor-widget-text-editor\" data-id=\"e84b78c\" data-element_type=\"widget\" data-e-type=\"widget\" data-widget_type=\"text-editor.default\">\n\t\t\t\t\t\t\t\t\t<p>Ma<strong> pratique <\/strong>est <span style=\"text-decoration: underline;\"><strong>encadr\u00e9e<\/strong><\/span> par le <span style=\"text-decoration: underline;\"><strong>code d\u00e9ontologique<\/strong><\/span> de mon \u00e9cole, avec les points suivants :<\/p><ul><li>L\u2019application de la <strong>gestalt-th\u00e9rapie<\/strong> uniquement,<\/li><li>L\u2019accompagnement exclusif de <strong>personnes majeures<\/strong>,<\/li><li>Mon propre accompagnement en<strong> th\u00e9rapie individuelle<\/strong>,<\/li><li>Mon besoin de me <strong>former continuellement<\/strong>,<\/li><li>Le soutien de ma <strong>supervision professionnelle<\/strong>.<\/li><\/ul><p>En <strong>d\u00e9but de th\u00e9rapie, <\/strong>nous abordons de <strong>mani\u00e8re claire <\/strong>les points suivants :<\/p><ul><li>C\u2019est quoi une <strong>th\u00e9rapie <\/strong>et la <strong>relation th\u00e9rapeutique<\/strong>,<\/li><li><strong>Confidentialit\u00e9 <\/strong>des contenus (\u00e9largie \u00e0 mon superviseur professionnel),<\/li><li><strong>Absence de passage \u00e0 l\u2019acte<\/strong>,<\/li><li><strong>Neutralit\u00e9 accueillante<\/strong> quant aux faits de soci\u00e9t\u00e9,<\/li><li><strong>Paiement des s\u00e9ances <\/strong><em>(montant, mode de paiement, d\u00e9lai acceptable pour une annulation, s\u00e9ance manqu\u00e9e est due).<\/em><\/li><\/ul>\t\t\t\t\t\t\t\t<\/div>\n\t\t\t\t<\/div>\n\t\t<div class=\"elementor-element elementor-element-cd325bf e-con-full e-flex e-con e-child\" data-id=\"cd325bf\" data-element_type=\"container\" data-e-type=\"container\">\n\t\t<div class=\"elementor-element elementor-element-027b12a e-con-full e-flex e-con e-child\" data-id=\"027b12a\" data-element_type=\"container\" data-e-type=\"container\">\n\t\t<div class=\"elementor-element elementor-element-c1306fc e-con-full e-flex e-con e-child\" data-id=\"c1306fc\" data-element_type=\"container\" data-e-type=\"container\">\n\t\t\t\t<div class=\"elementor-element elementor-element-190e621 elementor-widget elementor-widget-sc-sub-heading\" data-id=\"190e621\" data-element_type=\"widget\" data-e-type=\"widget\" data-widget_type=\"sc-sub-heading.default\">\n\t\t\t\t<div class=\"elementor-widget-container\">\n\t\t\t\t\t<div class=\"sub-heading-wrapper\"><span class=\"sub-heading single\">La th\u00e9rapie Gestalt demande un engagement<\/span><\/div>\t\t\t\t<\/div>\n\t\t\t\t<\/div>\n\t\t<div class=\"elementor-element elementor-element-95caf8f e-con-full e-flex e-con e-child\" data-id=\"95caf8f\" data-element_type=\"container\" data-e-type=\"container\">\n\t\t\t\t<div class=\"elementor-element elementor-element-2c660a4 elementor-widget elementor-widget-text-editor\" data-id=\"2c660a4\" data-element_type=\"widget\" data-e-type=\"widget\" data-widget_type=\"text-editor.default\">\n\t\t\t\t\t\t\t\t\t<p><em><u>Premier contact\u00a0:<\/u><\/em><\/p><p>Je vous propose de <strong>prendre contact<\/strong> avec moi soit directement par un <strong>premier \u00e9change t\u00e9l\u00e9phonique<\/strong> ou bien <strong>par le biais du formulaire de contact<\/strong>, selon votre convenance.<\/p><p><em><u>Premi\u00e8re s\u00e9ance\u00a0:<\/u><\/em><\/p><p>Une fois fix\u00e9e la date de <strong>notre premi\u00e8re s\u00e9ance,<\/strong> notre rencontre a pour vis\u00e9e\u00a0de clarifier votre <strong>motif de consultation<\/strong>, les <strong>demandes <\/strong>associ\u00e9es et <strong>valider ensemble le cadre relationnel<\/strong>.<\/p><p>La premi\u00e8re s\u00e9ance dure entre <strong>45 <\/strong>et <strong>60 minutes<\/strong> et son montant est de <strong>80 euros<\/strong>.<\/p><p>A l\u2019issue de la s\u00e9ance et selon son d\u00e9roul\u00e9, <strong>nous avons le choix<\/strong> de nous revoir.<\/p><p><em><u>Relation th\u00e9rapeutique\u00a0:<\/u><\/em><\/p><p>D\u00e8s lors que <strong>nous nous choisissons<\/strong>, le travail th\u00e9rapeutique peut pleinement d\u00e9buter.<\/p><p><strong><u>Nous n\u2019allons pas discuter\u00a0!<\/u><\/strong> Nous allons <strong>cr\u00e9er ensemble<\/strong>, amener de la <strong>nouveaut\u00e9 nourrissante<\/strong>, pour amener de la <strong>r\u00e9silience<\/strong> dans votre vie<\/p><p>Les s\u00e9ances sont d\u00e9finies de la fa\u00e7on suivante\u00a0:<\/p><ul><li>Rythme <strong>hebdomadaire ou bi-mensuel <span style=\"text-decoration: underline;\">(\u00e0 convenir ensemble selon les besoins)<\/span><\/strong><\/li><li>Dur\u00e9e de <strong>45 minutes<\/strong><\/li><li>Montant de <strong>80 euros<\/strong><\/li><\/ul><p><strong>A la fin de chaque s\u00e9ance<\/strong>, nous planifions ensemble la <span style=\"text-decoration: underline;\"><strong>date de notre prochaine s\u00e9ance<\/strong><\/span>.<\/p><p><em><u>Je vous accueille\u00a0:<\/u><\/em><\/p><table class=\"MsoTableGrid\" style=\"border: none;\" border=\"1\" cellspacing=\"0\" cellpadding=\"0\"><tbody><tr><td style=\"width: 90.1pt; border: solid windowtext 1.0pt; mso-border-alt: solid windowtext .5pt; padding: 0cm 5.4pt 0cm 5.4pt;\" valign=\"top\" width=\"120\"><p class=\"MsoNormal\" style=\"margin-bottom: 0cm; text-align: center; line-height: normal;\" align=\"center\"><b>Lundi<\/b><\/p><\/td><td style=\"width: 90.6pt; border: solid windowtext 1.0pt; border-left: none; mso-border-left-alt: solid windowtext .5pt; mso-border-alt: solid windowtext .5pt; padding: 0cm 5.4pt 0cm 5.4pt;\" valign=\"top\" width=\"121\"><p class=\"MsoNormal\" style=\"margin-bottom: 0cm; text-align: center; line-height: normal;\" align=\"center\"><b>Mardi<\/b><\/p><\/td><td style=\"width: 90.6pt; border: solid windowtext 1.0pt; border-left: none; mso-border-left-alt: solid windowtext .5pt; mso-border-alt: solid windowtext .5pt; padding: 0cm 5.4pt 0cm 5.4pt;\" valign=\"top\" width=\"121\"><p class=\"MsoNormal\" style=\"margin-bottom: 0cm; text-align: center; line-height: normal;\" align=\"center\"><b>Mercredi<\/b><\/p><\/td><td style=\"width: 90.65pt; border: solid windowtext 1.0pt; border-left: none; mso-border-left-alt: solid windowtext .5pt; mso-border-alt: solid windowtext .5pt; padding: 0cm 5.4pt 0cm 5.4pt;\" valign=\"top\" width=\"121\"><p class=\"MsoNormal\" style=\"margin-bottom: 0cm; text-align: center; line-height: normal;\" align=\"center\"><b>Jeudi<\/b><\/p><\/td><td style=\"width: 90.65pt; border: solid windowtext 1.0pt; border-left: none; mso-border-left-alt: solid windowtext .5pt; mso-border-alt: solid windowtext .5pt; padding: 0cm 5.4pt 0cm 5.4pt;\" valign=\"top\" width=\"121\"><p class=\"MsoNormal\" style=\"margin-bottom: 0cm; text-align: center; line-height: normal;\" align=\"center\"><b>Vendredi<\/b><\/p><\/td><\/tr><tr><td style=\"width: 90.1pt; border: solid windowtext 1.0pt; border-top: none; mso-border-top-alt: solid windowtext .5pt; mso-border-alt: solid windowtext .5pt; padding: 0cm 5.4pt 0cm 5.4pt;\" valign=\"top\" width=\"120\"><p class=\"MsoNormal\" style=\"margin-bottom: 0cm; text-align: center; line-height: normal;\" align=\"center\">8h00 \u00e0 20h00<\/p><\/td><td style=\"width: 362.5pt; border-top: none; border-left: none; border-bottom: solid windowtext 1.0pt; border-right: solid windowtext 1.0pt; mso-border-top-alt: solid windowtext .5pt; mso-border-left-alt: solid windowtext .5pt; mso-border-alt: solid windowtext .5pt; padding: 0cm 5.4pt 0cm 5.4pt;\" colspan=\"4\" valign=\"top\" width=\"483\"><p class=\"MsoNormal\" style=\"margin-bottom: 0cm; text-align: center; line-height: normal;\" align=\"center\">9h00 \u00e0 18h00<\/p><\/td><\/tr><tr><td style=\"width: 90.1pt; border: solid windowtext 1.0pt; border-top: none; mso-border-top-alt: solid windowtext .5pt; mso-border-alt: solid windowtext .5pt; padding: 0cm 5.4pt 0cm 5.4pt;\" valign=\"top\" width=\"120\"><p class=\"MsoNormal\" style=\"margin-bottom: 0cm; text-align: justify; line-height: normal;\">En visio<\/p><p class=\"MsoNormal\" style=\"margin-bottom: 0cm; text-align: justify; line-height: normal;\">En pr\u00e9sentiel*<\/p><\/td><td style=\"width: 362.5pt; border-top: none; border-left: none; border-bottom: solid windowtext 1.0pt; border-right: solid windowtext 1.0pt; mso-border-top-alt: solid windowtext .5pt; mso-border-left-alt: solid windowtext .5pt; mso-border-alt: solid windowtext .5pt; padding: 0cm 5.4pt 0cm 5.4pt;\" colspan=\"4\" valign=\"top\" width=\"483\"><p class=\"MsoNormal\" style=\"margin-bottom: 0cm; text-align: center; line-height: normal;\" align=\"center\">En visio<\/p><\/td><\/tr><\/tbody><\/table><p><u>*Le cabinet se trouve \u00e0 l\u2019adresse suivante<\/u>\u00a0:<\/p><p><a href=\"https:\/\/share.google\/KnFDi19GDcUdb15jQ\" target=\"_blank\" rel=\"noopener\">L&#8217;Espace du Cours 20 cours du Nord 84850 Camaret-sur-Aigues<\/a><\/p>\t\t\t\t\t\t\t\t<\/div>\n\t\t\t\t<\/div>\n\t\t\t\t<\/div>\n\t\t\t\t<\/div>\n\t\t\t\t<\/div>\n\t\t\t\t\t<\/div>\n\t\t\t\t<\/div>\n\t\t\t\t\t<\/div>\n\t\t\t\t<\/div>\n\t\t<div class=\"elementor-element elementor-element-32911ce e-flex e-con-boxed e-con e-parent\" data-id=\"32911ce\" data-element_type=\"container\" data-e-type=\"container\">\n\t\t\t\t\t<div class=\"e-con-inner\">\n\t\t\t\t<div class=\"elementor-element elementor-element-49c5e46 elementor-shape-circle elementor-widget__width-initial elementor-grid-0 e-grid-align-center elementor-widget elementor-widget-social-icons\" data-id=\"49c5e46\" data-element_type=\"widget\" data-e-type=\"widget\" data-widget_type=\"social-icons.default\">\n\t\t\t\t\t\t\t<div class=\"elementor-social-icons-wrapper elementor-grid\" role=\"list\">\n\t\t\t\t\t\t\t<span class=\"elementor-grid-item\" role=\"listitem\">\n\t\t\t\t\t<a class=\"elementor-icon elementor-social-icon elementor-social-icon-facebook elementor-repeater-item-c0dd62b\" href=\"https:\/\/www.facebook.com\/lesdentellesducoeur\" target=\"_blank\">\n\t\t\t\t\t\t<span class=\"elementor-screen-only\">Facebook<\/span>\n\t\t\t\t\t\t<svg aria-hidden=\"true\" class=\"e-font-icon-svg e-fab-facebook\" viewBox=\"0 0 512 512\" xmlns=\"http:\/\/www.w3.org\/2000\/svg\"><path d=\"M504 256C504 119 393 8 256 8S8 119 8 256c0 123.78 90.69 226.38 209.25 245V327.69h-63V256h63v-54.64c0-62.15 37-96.48 93.67-96.48 27.14 0 55.52 4.84 55.52 4.84v61h-31.28c-30.8 0-40.41 19.12-40.41 38.73V256h68.78l-11 71.69h-57.78V501C413.31 482.38 504 379.78 504 256z\"><\/path><\/svg>\t\t\t\t\t<\/a>\n\t\t\t\t<\/span>\n\t\t\t\t\t\t\t<span class=\"elementor-grid-item\" role=\"listitem\">\n\t\t\t\t\t<a class=\"elementor-icon elementor-social-icon elementor-social-icon-instagram elementor-repeater-item-c5a5881\" href=\"https:\/\/www.instagram.com\/david_cifredo_gestalt\/\" target=\"_blank\">\n\t\t\t\t\t\t<span class=\"elementor-screen-only\">Instagram<\/span>\n\t\t\t\t\t\t<svg aria-hidden=\"true\" class=\"e-font-icon-svg e-fab-instagram\" viewBox=\"0 0 448 512\" xmlns=\"http:\/\/www.w3.org\/2000\/svg\"><path d=\"M224.1 141c-63.6 0-114.9 51.3-114.9 114.9s51.3 114.9 114.9 114.9S339 319.5 339 255.9 287.7 141 224.1 141zm0 189.6c-41.1 0-74.7-33.5-74.7-74.7s33.5-74.7 74.7-74.7 74.7 33.5 74.7 74.7-33.6 74.7-74.7 74.7zm146.4-194.3c0 14.9-12 26.8-26.8 26.8-14.9 0-26.8-12-26.8-26.8s12-26.8 26.8-26.8 26.8 12 26.8 26.8zm76.1 27.2c-1.7-35.9-9.9-67.7-36.2-93.9-26.2-26.2-58-34.4-93.9-36.2-37-2.1-147.9-2.1-184.9 0-35.8 1.7-67.6 9.9-93.9 36.1s-34.4 58-36.2 93.9c-2.1 37-2.1 147.9 0 184.9 1.7 35.9 9.9 67.7 36.2 93.9s58 34.4 93.9 36.2c37 2.1 147.9 2.1 184.9 0 35.9-1.7 67.7-9.9 93.9-36.2 26.2-26.2 34.4-58 36.2-93.9 2.1-37 2.1-147.8 0-184.8zM398.8 388c-7.8 19.6-22.9 34.7-42.6 42.6-29.5 11.7-99.5 9-132.1 9s-102.7 2.6-132.1-9c-19.6-7.8-34.7-22.9-42.6-42.6-11.7-29.5-9-99.5-9-132.1s-2.6-102.7 9-132.1c7.8-19.6 22.9-34.7 42.6-42.6 29.5-11.7 99.5-9 132.1-9s102.7-2.6 132.1 9c19.6 7.8 34.7 22.9 42.6 42.6 11.7 29.5 9 99.5 9 132.1s2.7 102.7-9 132.1z\"><\/path><\/svg>\t\t\t\t\t<\/a>\n\t\t\t\t<\/span>\n\t\t\t\t\t\t\t<span class=\"elementor-grid-item\" role=\"listitem\">\n\t\t\t\t\t<a class=\"elementor-icon elementor-social-icon elementor-social-icon-linkedin elementor-repeater-item-e9edc9e\" href=\"https:\/\/www.linkedin.com\/in\/david-gestalt-lesdentellesducoeur\/\" target=\"_blank\">\n\t\t\t\t\t\t<span class=\"elementor-screen-only\">Linkedin<\/span>\n\t\t\t\t\t\t<svg aria-hidden=\"true\" class=\"e-font-icon-svg e-fab-linkedin\" viewBox=\"0 0 448 512\" xmlns=\"http:\/\/www.w3.org\/2000\/svg\"><path d=\"M416 32H31.9C14.3 32 0 46.5 0 64.3v383.4C0 465.5 14.3 480 31.9 480H416c17.6 0 32-14.5 32-32.3V64.3c0-17.8-14.4-32.3-32-32.3zM135.4 416H69V202.2h66.5V416zm-33.2-243c-21.3 0-38.5-17.3-38.5-38.5S80.9 96 102.2 96c21.2 0 38.5 17.3 38.5 38.5 0 21.3-17.2 38.5-38.5 38.5zm282.1 243h-66.4V312c0-24.8-.5-56.7-34.5-56.7-34.6 0-39.9 27-39.9 54.9V416h-66.4V202.2h63.7v29.2h.9c8.9-16.8 30.6-34.5 62.9-34.5 67.2 0 79.7 44.3 79.7 101.9V416z\"><\/path><\/svg>\t\t\t\t\t<\/a>\n\t\t\t\t<\/span>\n\t\t\t\t\t\t\t<span class=\"elementor-grid-item\" role=\"listitem\">\n\t\t\t\t\t<a class=\"elementor-icon elementor-social-icon elementor-social-icon-whatsapp elementor-repeater-item-f817951\" href=\"https:\/\/wa.me\/33676185449\" target=\"_blank\">\n\t\t\t\t\t\t<span class=\"elementor-screen-only\">Whatsapp<\/span>\n\t\t\t\t\t\t<svg aria-hidden=\"true\" class=\"e-font-icon-svg e-fab-whatsapp\" viewBox=\"0 0 448 512\" xmlns=\"http:\/\/www.w3.org\/2000\/svg\"><path d=\"M380.9 97.1C339 55.1 283.2 32 223.9 32c-122.4 0-222 99.6-222 222 0 39.1 10.2 77.3 29.6 111L0 480l117.7-30.9c32.4 17.7 68.9 27 106.1 27h.1c122.3 0 224.1-99.6 224.1-222 0-59.3-25.2-115-67.1-157zm-157 341.6c-33.2 0-65.7-8.9-94-25.7l-6.7-4-69.8 18.3L72 359.2l-4.4-7c-18.5-29.4-28.2-63.3-28.2-98.2 0-101.7 82.8-184.5 184.6-184.5 49.3 0 95.6 19.2 130.4 54.1 34.8 34.9 56.2 81.2 56.1 130.5 0 101.8-84.9 184.6-186.6 184.6zm101.2-138.2c-5.5-2.8-32.8-16.2-37.9-18-5.1-1.9-8.8-2.8-12.5 2.8-3.7 5.6-14.3 18-17.6 21.8-3.2 3.7-6.5 4.2-12 1.4-32.6-16.3-54-29.1-75.5-66-5.7-9.8 5.7-9.1 16.3-30.3 1.8-3.7.9-6.9-.5-9.7-1.4-2.8-12.5-30.1-17.1-41.2-4.5-10.8-9.1-9.3-12.5-9.5-3.2-.2-6.9-.2-10.6-.2-3.7 0-9.7 1.4-14.8 6.9-5.1 5.6-19.4 19-19.4 46.3 0 27.3 19.9 53.7 22.6 57.4 2.8 3.7 39.1 59.7 94.8 83.8 35.2 15.2 49 16.5 66.6 13.9 10.7-1.6 32.8-13.4 37.4-26.4 4.6-13 4.6-24.1 3.2-26.4-1.3-2.5-5-3.9-10.5-6.6z\"><\/path><\/svg>\t\t\t\t\t<\/a>\n\t\t\t\t<\/span>\n\t\t\t\t\t<\/div>\n\t\t\t\t\t\t<\/div>\n\t\t\t\t\t<\/div>\n\t\t\t\t<\/div>\n\t\t<div class=\"elementor-element elementor-element-35716ad e-flex e-con-boxed e-con e-parent\" data-id=\"35716ad\" data-element_type=\"container\" data-e-type=\"container\">\n\t\t\t\t\t<div class=\"e-con-inner\">\n\t\t\t\t<div class=\"elementor-element elementor-element-2d9876d elementor-align-center elementor-widget__width-initial elementor-widget elementor-widget-button\" data-id=\"2d9876d\" data-element_type=\"widget\" data-e-type=\"widget\" data-widget_type=\"button.default\">\n\t\t\t\t\t\t\t\t\t\t<a class=\"elementor-button elementor-button-link elementor-size-sm\" href=\"https:\/\/lesdentellesducoeur.fr\/index.php\/me-contacter\/\">\n\t\t\t\t\t\t<span class=\"elementor-button-content-wrapper\">\n\t\t\t\t\t\t<span class=\"elementor-button-icon\">\n\t\t\t\t<svg aria-hidden=\"true\" class=\"e-font-icon-svg e-far-calendar-alt\" viewBox=\"0 0 448 512\" xmlns=\"http:\/\/www.w3.org\/2000\/svg\"><path d=\"M148 288h-40c-6.6 0-12-5.4-12-12v-40c0-6.6 5.4-12 12-12h40c6.6 0 12 5.4 12 12v40c0 6.6-5.4 12-12 12zm108-12v-40c0-6.6-5.4-12-12-12h-40c-6.6 0-12 5.4-12 12v40c0 6.6 5.4 12 12 12h40c6.6 0 12-5.4 12-12zm96 0v-40c0-6.6-5.4-12-12-12h-40c-6.6 0-12 5.4-12 12v40c0 6.6 5.4 12 12 12h40c6.6 0 12-5.4 12-12zm-96 96v-40c0-6.6-5.4-12-12-12h-40c-6.6 0-12 5.4-12 12v40c0 6.6 5.4 12 12 12h40c6.6 0 12-5.4 12-12zm-96 0v-40c0-6.6-5.4-12-12-12h-40c-6.6 0-12 5.4-12 12v40c0 6.6 5.4 12 12 12h40c6.6 0 12-5.4 12-12zm192 0v-40c0-6.6-5.4-12-12-12h-40c-6.6 0-12 5.4-12 12v40c0 6.6 5.4 12 12 12h40c6.6 0 12-5.4 12-12zm96-260v352c0 26.5-21.5 48-48 48H48c-26.5 0-48-21.5-48-48V112c0-26.5 21.5-48 48-48h48V12c0-6.6 5.4-12 12-12h40c6.6 0 12 5.4 12 12v52h128V12c0-6.6 5.4-12 12-12h40c6.6 0 12 5.4 12 12v52h48c26.5 0 48 21.5 48 48zm-48 346V160H48v298c0 3.3 2.7 6 6 6h340c3.3 0 6-2.7 6-6z\"><\/path><\/svg>\t\t\t<\/span>\n\t\t\t\t\t\t\t\t\t<span class=\"elementor-button-text\">Contactez moi!<\/span>\n\t\t\t\t\t<\/span>\n\t\t\t\t\t<\/a>\n\t\t\t\t\t\t\t\t<\/div>\n\t\t\t\t\t<\/div>\n\t\t\t\t<\/div>\n\t\t\t\t<\/div>\n\t\t","protected":false},"excerpt":{"rendered":"<p>Cadre relationnel Ma pratique est encadr\u00e9e par le code d\u00e9ontologique de mon \u00e9cole, avec les points suivants : L\u2019application de la gestalt-th\u00e9rapie uniquement, L\u2019accompagnement exclusif de personnes majeures, Mon propre accompagnement en th\u00e9rapie individuelle, Mon besoin de me former continuellement, Le soutien de ma supervision professionnelle. En d\u00e9but de th\u00e9rapie, nous abordons de mani\u00e8re claire [&hellip;]<\/p>\n","protected":false},"author":1,"featured_media":0,"parent":0,"menu_order":0,"comment_status":"closed","ping_status":"closed","template":"elementor_header_footer","meta":{"_acf_changed":false,"footnotes":""},"class_list":["post-712","page","type-page","status-publish","hentry"],"acf":[],"_links":{"self":[{"href":"https:\/\/lesdentellesducoeur.fr\/index.php\/wp-json\/wp\/v2\/pages\/712","targetHints":{"allow":["GET"]}}],"collection":[{"href":"https:\/\/lesdentellesducoeur.fr\/index.php\/wp-json\/wp\/v2\/pages"}],"about":[{"href":"https:\/\/lesdentellesducoeur.fr\/index.php\/wp-json\/wp\/v2\/types\/page"}],"author":[{"embeddable":true,"href":"https:\/\/lesdentellesducoeur.fr\/index.php\/wp-json\/wp\/v2\/users\/1"}],"replies":[{"embeddable":true,"href":"https:\/\/lesdentellesducoeur.fr\/index.php\/wp-json\/wp\/v2\/comments?post=712"}],"version-history":[{"count":158,"href":"https:\/\/lesdentellesducoeur.fr\/index.php\/wp-json\/wp\/v2\/pages\/712\/revisions"}],"predecessor-version":[{"id":3728,"href":"https:\/\/lesdentellesducoeur.fr\/index.php\/wp-json\/wp\/v2\/pages\/712\/revisions\/3728"}],"wp:attachment":[{"href":"https:\/\/lesdentellesducoeur.fr\/index.php\/wp-json\/wp\/v2\/media?parent=712"}],"curies":[{"name":"wp","href":"https:\/\/api.w.org\/{rel}","templated":true}]}}